{"id":1060,"date":"2025-06-23T12:30:45","date_gmt":"2025-06-23T12:30:45","guid":{"rendered":"http:\/\/deuitvlucht.nl\/neuigkeiten\/"},"modified":"2025-08-15T10:15:22","modified_gmt":"2025-08-15T10:15:22","slug":"neuigkeiten","status":"publish","type":"page","link":"http:\/\/deuitvlucht.nl\/de\/neuigkeiten\/","title":{"rendered":"Neuigkeiten"},"content":{"rendered":"\t\t<div data-elementor-type=\"wp-page\" data-elementor-id=\"1060\" class=\"elementor elementor-1060 elementor-256\" data-elementor-post-type=\"page\">\n\t\t\t\t<div class=\"elementor-element elementor-element-9fa972b e-flex e-con-boxed e-con e-parent\" data-id=\"9fa972b\" data-element_type=\"container\" data-e-type=\"container\" data-settings=\"{&quot;background_background&quot;:&quot;classic&quot;,&quot;shape_divider_bottom&quot;:&quot;tilt&quot;}\">\n\t\t\t\t\t<div class=\"e-con-inner\">\n\t\t\t\t<div class=\"elementor-shape elementor-shape-bottom\" aria-hidden=\"true\" data-negative=\"false\">\n\t\t\t<svg xmlns=\"http:\/\/www.w3.org\/2000\/svg\" viewBox=\"0 0 1000 100\" preserveAspectRatio=\"none\">\n\t<path class=\"elementor-shape-fill\" d=\"M0,6V0h1000v100L0,6z\"\/>\n<\/svg>\t\t<\/div>\n\t\t\t\t<div class=\"elementor-element elementor-element-239549e elementor-widget elementor-widget-heading\" data-id=\"239549e\" data-element_type=\"widget\" data-e-type=\"widget\" data-settings=\"{&quot;_animation_mobile&quot;:&quot;fadeInUp&quot;}\" data-widget_type=\"heading.default\">\n\t\t\t\t<div class=\"elementor-widget-container\">\n\t\t\t\t\t<h1 class=\"elementor-heading-title elementor-size-default\">Neuigkeiten<\/h1>\t\t\t\t<\/div>\n\t\t\t\t<\/div>\n\t\t<div class=\"elementor-element elementor-element-dad470c e-con-full e-flex elementor-invisible e-con e-child\" data-id=\"dad470c\" data-element_type=\"container\" data-e-type=\"container\" data-settings=\"{&quot;animation&quot;:&quot;fadeInUp&quot;,&quot;animation_delay&quot;:600}\">\n\t\t\t\t<div class=\"elementor-element elementor-element-bd2e608 elementor-widget elementor-widget-button\" data-id=\"bd2e608\" data-element_type=\"widget\" data-e-type=\"widget\" data-widget_type=\"button.default\">\n\t\t\t\t<div class=\"elementor-widget-container\">\n\t\t\t\t\t\t\t\t\t<div class=\"elementor-button-wrapper\">\n\t\t\t\t\t<a class=\"elementor-button elementor-button-link elementor-size-sm elementor-animation-grow-rotate\" href=\"https:\/\/deuitvlucht.nl\/reserveren\/\">\n\t\t\t\t\t\t<span class=\"elementor-button-content-wrapper\">\n\t\t\t\t\t\t<span class=\"elementor-button-icon\">\n\t\t\t\t<svg aria-hidden=\"true\" class=\"e-font-icon-svg e-fas-calendar-check\" viewBox=\"0 0 448 512\" xmlns=\"http:\/\/www.w3.org\/2000\/svg\"><path d=\"M436 160H12c-6.627 0-12-5.373-12-12v-36c0-26.51 21.49-48 48-48h48V12c0-6.627 5.373-12 12-12h40c6.627 0 12 5.373 12 12v52h128V12c0-6.627 5.373-12 12-12h40c6.627 0 12 5.373 12 12v52h48c26.51 0 48 21.49 48 48v36c0 6.627-5.373 12-12 12zM12 192h424c6.627 0 12 5.373 12 12v260c0 26.51-21.49 48-48 48H48c-26.51 0-48-21.49-48-48V204c0-6.627 5.373-12 12-12zm333.296 95.947l-28.169-28.398c-4.667-4.705-12.265-4.736-16.97-.068L194.12 364.665l-45.98-46.352c-4.667-4.705-12.266-4.736-16.971-.068l-28.397 28.17c-4.705 4.667-4.736 12.265-.068 16.97l82.601 83.269c4.667 4.705 12.265 4.736 16.97.068l142.953-141.805c4.705-4.667 4.736-12.265.068-16.97z\"><\/path><\/svg>\t\t\t<\/span>\n\t\t\t\t\t\t\t\t\t<span class=\"elementor-button-text\">Reservieren<\/span>\n\t\t\t\t\t<\/span>\n\t\t\t\t\t<\/a>\n\t\t\t\t<\/div>\n\t\t\t\t\t\t\t\t<\/div>\n\t\t\t\t<\/div>\n\t\t\t\t<div class=\"elementor-element elementor-element-122dbae elementor-widget elementor-widget-button\" data-id=\"122dbae\" data-element_type=\"widget\" data-e-type=\"widget\" data-widget_type=\"button.default\">\n\t\t\t\t<div class=\"elementor-widget-container\">\n\t\t\t\t\t\t\t\t\t<div class=\"elementor-button-wrapper\">\n\t\t\t\t\t<a class=\"elementor-button elementor-button-link elementor-size-sm elementor-animation-rotate\" href=\"https:\/\/deuitvlucht.nl\/menukaarten\/\">\n\t\t\t\t\t\t<span class=\"elementor-button-content-wrapper\">\n\t\t\t\t\t\t<span class=\"elementor-button-icon\">\n\t\t\t\t<svg aria-hidden=\"true\" class=\"e-font-icon-svg e-fas-clipboard\" viewBox=\"0 0 384 512\" xmlns=\"http:\/\/www.w3.org\/2000\/svg\"><path d=\"M384 112v352c0 26.51-21.49 48-48 48H48c-26.51 0-48-21.49-48-48V112c0-26.51 21.49-48 48-48h80c0-35.29 28.71-64 64-64s64 28.71 64 64h80c26.51 0 48 21.49 48 48zM192 40c-13.255 0-24 10.745-24 24s10.745 24 24 24 24-10.745 24-24-10.745-24-24-24m96 114v-20a6 6 0 0 0-6-6H102a6 6 0 0 0-6 6v20a6 6 0 0 0 6 6h180a6 6 0 0 0 6-6z\"><\/path><\/svg>\t\t\t<\/span>\n\t\t\t\t\t\t\t\t\t<span class=\"elementor-button-text\">Men\u00fc<\/span>\n\t\t\t\t\t<\/span>\n\t\t\t\t\t<\/a>\n\t\t\t\t<\/div>\n\t\t\t\t\t\t\t\t<\/div>\n\t\t\t\t<\/div>\n\t\t\t\t<\/div>\n\t\t\t\t\t<\/div>\n\t\t\t\t<\/div>\n\t\t<div class=\"elementor-element elementor-element-875e8f1 e-flex e-con-boxed e-con e-parent\" data-id=\"875e8f1\" data-element_type=\"container\" data-e-type=\"container\" data-settings=\"{&quot;background_background&quot;:&quot;gradient&quot;}\">\n\t\t\t\t\t<div class=\"e-con-inner\">\n\t\t\t\t<div class=\"elementor-element elementor-element-561f9f2 elementor-widget__width-initial elementor-widget-tablet__width-initial elementor-widget-mobile__width-initial elementor-widget elementor-widget-text-editor\" data-id=\"561f9f2\" data-element_type=\"widget\" data-e-type=\"widget\" data-widget_type=\"text-editor.default\">\n\t\t\t\t<div class=\"elementor-widget-container\">\n\t\t\t\t\t\t\t\t\t<p><span style=\"background-color: transparent; font-size: 1rem;\">Hier lesen Sie unsere Neuigkeiten \u00fcber besondere Momente, wie<\/span> einen ausgiebigen Brunch w\u00e4hrend Ostern mit der ganzen Familie. Oder vielleicht ein High Beer am Vatertag mit speziellen Biersorten und leckeren Snacks. Bei uns dreht sich alles ums Zusammensein.   <\/p>\t\t\t\t\t\t\t\t<\/div>\n\t\t\t\t<\/div>\n\t\t\t\t<div class=\"elementor-element elementor-element-01126bb elementor-widget__width-inherit elementor-grid-3 elementor-grid-tablet-2 elementor-grid-mobile-1 elementor-widget elementor-widget-loop-grid\" data-id=\"01126bb\" data-element_type=\"widget\" data-e-type=\"widget\" data-settings=\"{&quot;template_id&quot;:1105,&quot;_skin&quot;:&quot;post&quot;,&quot;columns&quot;:&quot;3&quot;,&quot;columns_tablet&quot;:&quot;2&quot;,&quot;columns_mobile&quot;:&quot;1&quot;,&quot;edit_handle_selector&quot;:&quot;[data-elementor-type=\\&quot;loop-item\\&quot;]&quot;,&quot;row_gap&quot;:{&quot;unit&quot;:&quot;px&quot;,&quot;size&quot;:&quot;&quot;,&quot;sizes&quot;:[]},&quot;row_gap_tablet&quot;:{&quot;unit&quot;:&quot;px&quot;,&quot;size&quot;:&quot;&quot;,&quot;sizes&quot;:[]},&quot;row_gap_mobile&quot;:{&quot;unit&quot;:&quot;px&quot;,&quot;size&quot;:&quot;&quot;,&quot;sizes&quot;:[]}}\" data-widget_type=\"loop-grid.post\">\n\t\t\t\t<div class=\"elementor-widget-container\">\n\t\t\t\t\t\t\t<div class=\"elementor-loop-container elementor-grid\" role=\"list\">\n\t\t<style id=\"loop-1105\">.elementor-1105 .elementor-element.elementor-element-6ebe60f{--display:flex;--padding-top:0px;--padding-bottom:0px;--padding-left:0px;--padding-right:0px;}.elementor-widget-call-to-action .elementor-cta__title{font-family:var( --e-global-typography-primary-font-family ), Sans-serif;font-weight:var( --e-global-typography-primary-font-weight );}.elementor-widget-call-to-action .elementor-cta__description{font-family:var( --e-global-typography-text-font-family ), Sans-serif;font-weight:var( --e-global-typography-text-font-weight );}.elementor-widget-call-to-action .elementor-cta__button{font-family:var( --e-global-typography-accent-font-family ), Sans-serif;font-weight:var( --e-global-typography-accent-font-weight );}.elementor-widget-call-to-action .elementor-ribbon-inner{background-color:var( --e-global-color-accent );font-family:var( --e-global-typography-accent-font-family ), Sans-serif;font-weight:var( --e-global-typography-accent-font-weight );}.elementor-1105 .elementor-element.elementor-element-3d28f32 .elementor-cta__content{min-height:450px;text-align:start;}.elementor-1105 .elementor-element.elementor-element-3d28f32 .elementor-cta__title{font-family:var( --e-global-typography-5f34d1f-font-family ), Sans-serif;font-size:var( --e-global-typography-5f34d1f-font-size );font-weight:var( --e-global-typography-5f34d1f-font-weight );line-height:var( --e-global-typography-5f34d1f-line-height );letter-spacing:var( --e-global-typography-5f34d1f-letter-spacing );word-spacing:var( --e-global-typography-5f34d1f-word-spacing );color:#FFFFFF;}.elementor-1105 .elementor-element.elementor-element-3d28f32 .elementor-cta__title:not(:last-child){margin-bottom:0px;}.elementor-1105 .elementor-element.elementor-element-3d28f32 .elementor-cta:not(:hover) .elementor-cta__bg-overlay{background-color:#0000007D;}.elementor-1105 .elementor-element.elementor-element-3d28f32 .elementor-cta .elementor-cta__bg, .elementor-1105 .elementor-element.elementor-element-3d28f32 .elementor-cta .elementor-cta__bg-overlay{transition-duration:1500ms;}@media(max-width:1024px){.elementor-1105 .elementor-element.elementor-element-3d28f32 .elementor-cta__title{font-size:var( --e-global-typography-5f34d1f-font-size );line-height:var( --e-global-typography-5f34d1f-line-height );letter-spacing:var( --e-global-typography-5f34d1f-letter-spacing );word-spacing:var( --e-global-typography-5f34d1f-word-spacing );}}@media(max-width:767px){.elementor-1105 .elementor-element.elementor-element-3d28f32 .elementor-cta__title{font-size:var( --e-global-typography-5f34d1f-font-size );line-height:var( --e-global-typography-5f34d1f-line-height );letter-spacing:var( --e-global-typography-5f34d1f-letter-spacing );word-spacing:var( --e-global-typography-5f34d1f-word-spacing );}}<\/style>\t\t<div data-elementor-type=\"loop-item\" data-elementor-id=\"1105\" class=\"elementor elementor-1105 elementor-239 elementor-239 e-loop-item e-loop-item-1042 post-1042 post type-post status-publish format-standard has-post-thumbnail hentry category-neuigkeiten\" data-elementor-post-type=\"elementor_library\" data-custom-edit-handle=\"1\">\n\t\t\t<div class=\"elementor-element elementor-element-6ebe60f e-flex e-con-boxed e-con e-parent\" data-id=\"6ebe60f\" data-element_type=\"container\" data-e-type=\"container\">\n\t\t\t\t\t<div class=\"e-con-inner\">\n\t\t\t\t<div class=\"elementor-element elementor-element-3d28f32 elementor-cta--skin-cover elementor-cta--valign-bottom elementor-bg-transform elementor-bg-transform-zoom-out elementor-widget elementor-widget-call-to-action\" data-id=\"3d28f32\" data-element_type=\"widget\" data-e-type=\"widget\" data-widget_type=\"call-to-action.default\">\n\t\t\t\t<div class=\"elementor-widget-container\">\n\t\t\t\t\t\t\t<a class=\"elementor-cta\" href=\"http:\/\/deuitvlucht.nl\/de\/neue-website\/\">\n\t\t\t\t\t<div class=\"elementor-cta__bg-wrapper\">\n\t\t\t\t<div class=\"elementor-cta__bg elementor-bg\" style=\"background-image: url(http:\/\/deuitvlucht.nl\/wp-content\/uploads\/2025\/06\/SAM01662-819x1024.jpg);\" role=\"img\" aria-label=\"SAM01662\"><\/div>\n\t\t\t\t<div class=\"elementor-cta__bg-overlay\"><\/div>\n\t\t\t<\/div>\n\t\t\t\t\t\t\t<div class=\"elementor-cta__content\">\n\t\t\t\t\n\t\t\t\t\t\t\t\t\t<h3 class=\"elementor-cta__title elementor-cta__content-item elementor-content-item\">\n\t\t\t\t\t\tNeue Website\t\t\t\t\t<\/h3>\n\t\t\t\t\n\t\t\t\t\n\t\t\t\t\t\t\t<\/div>\n\t\t\t\t\t\t<\/a>\n\t\t\t\t\t\t<\/div>\n\t\t\t\t<\/div>\n\t\t\t\t\t<\/div>\n\t\t\t\t<\/div>\n\t\t\t\t<\/div>\n\t\t\t\t<\/div>\n\t\t\n\t\t\t\t\t\t<\/div>\n\t\t\t\t<\/div>\n\t\t\t\t\t<\/div>\n\t\t\t\t<\/div>\n\t\t<div class=\"elementor-element elementor-element-f5ba841 e-flex e-con-boxed e-con e-parent\" data-id=\"f5ba841\" data-element_type=\"container\" data-e-type=\"container\" id=\"nieuwsbrief\" data-settings=\"{&quot;background_background&quot;:&quot;gradient&quot;}\">\n\t\t\t\t\t<div class=\"e-con-inner\">\n\t\t<div class=\"elementor-element elementor-element-baa49dd e-con-full e-flex e-con e-child\" data-id=\"baa49dd\" data-element_type=\"container\" data-e-type=\"container\">\n\t\t\t\t<div class=\"elementor-element elementor-element-cc07bd0 elementor-widget elementor-widget-heading\" data-id=\"cc07bd0\" data-element_type=\"widget\" data-e-type=\"widget\" data-widget_type=\"heading.default\">\n\t\t\t\t<div class=\"elementor-widget-container\">\n\t\t\t\t\t<h2 class=\"elementor-heading-title elementor-size-default\">Melden Sie sich f\u00fcr unseren Newsletter an<\/h2>\t\t\t\t<\/div>\n\t\t\t\t<\/div>\n\t\t\t\t<div class=\"elementor-element elementor-element-95a067c elementor-widget elementor-widget-text-editor\" data-id=\"95a067c\" data-element_type=\"widget\" data-e-type=\"widget\" data-widget_type=\"text-editor.default\">\n\t\t\t\t<div class=\"elementor-widget-container\">\n\t\t\t\t\t\t\t\t\t<p>M\u00f6chten Sie keine unserer besonderen Tage, Thementage und saisonalen Aktivit\u00e4ten wie Vatertag, Brunchs oder Specials verpassen? Melden Sie sich f\u00fcr unseren Newsletter an und erhalten Sie als Erster die neuesten Nachrichten. <\/p>\t\t\t\t\t\t\t\t<\/div>\n\t\t\t\t<\/div>\n\t\t\t\t<\/div>\n\t\t<div class=\"elementor-element elementor-element-7d27627 e-con-full e-flex e-con e-child\" data-id=\"7d27627\" data-element_type=\"container\" data-e-type=\"container\">\n\t\t\t\t<div class=\"elementor-element elementor-element-aab4bae elementor-button-align-stretch elementor-widget elementor-widget-form\" data-id=\"aab4bae\" data-element_type=\"widget\" data-e-type=\"widget\" data-settings=\"{&quot;step_next_label&quot;:&quot;Weiter&quot;,&quot;step_previous_label&quot;:&quot;Zur\\u00fcck&quot;,&quot;button_width&quot;:&quot;100&quot;,&quot;step_type&quot;:&quot;number_text&quot;,&quot;step_icon_shape&quot;:&quot;circle&quot;}\" data-widget_type=\"form.default\">\n\t\t\t\t<div class=\"elementor-widget-container\">\n\t\t\t\t\t\t\t<form class=\"elementor-form\" method=\"post\" name=\"Newsletter anmelden\" aria-label=\"Newsletter anmelden\">\n\t\t\t<input type=\"hidden\" name=\"post_id\" value=\"1060\"\/>\n\t\t\t<input type=\"hidden\" name=\"form_id\" value=\"aab4bae\"\/>\n\t\t\t<input type=\"hidden\" name=\"referer_title\" value=\"Neuigkeiten - Brasserie de Uitvlucht\" \/>\n\n\t\t\t\t\t\t\t<input type=\"hidden\" name=\"queried_id\" value=\"1060\"\/>\n\t\t\t\n\t\t\t<div class=\"elementor-form-fields-wrapper elementor-labels-above\">\n\t\t\t\t\t\t\t\t<div class=\"elementor-field-type-text elementor-field-group elementor-column elementor-field-group-field_5bd8a79 elementor-col-100 elementor-field-required\">\n\t\t\t\t\t\t\t\t\t\t\t\t<label for=\"form-field-field_5bd8a79\" class=\"elementor-field-label\">\n\t\t\t\t\t\t\t\tVorname\t\t\t\t\t\t\t<\/label>\n\t\t\t\t\t\t\t\t\t\t\t\t\t\t<input size=\"1\" type=\"text\" name=\"form_fields[field_5bd8a79]\" id=\"form-field-field_5bd8a79\" class=\"elementor-field elementor-size-md  elementor-field-textual\" placeholder=\"Z.B. Jan \" required=\"required\">\n\t\t\t\t\t\t\t\t\t\t\t<\/div>\n\t\t\t\t\t\t\t\t<div class=\"elementor-field-type-text elementor-field-group elementor-column elementor-field-group-name elementor-col-100 elementor-field-required\">\n\t\t\t\t\t\t\t\t\t\t\t\t<label for=\"form-field-name\" class=\"elementor-field-label\">\n\t\t\t\t\t\t\t\tNachname\t\t\t\t\t\t\t<\/label>\n\t\t\t\t\t\t\t\t\t\t\t\t\t\t<input size=\"1\" type=\"text\" name=\"form_fields[name]\" id=\"form-field-name\" class=\"elementor-field elementor-size-md  elementor-field-textual\" placeholder=\"Z.B. Janssen \" required=\"required\">\n\t\t\t\t\t\t\t\t\t\t\t<\/div>\n\t\t\t\t\t\t\t\t<div class=\"elementor-field-type-email elementor-field-group elementor-column elementor-field-group-email elementor-col-100 elementor-field-required\">\n\t\t\t\t\t\t\t\t\t\t\t\t<label for=\"form-field-email\" class=\"elementor-field-label\">\n\t\t\t\t\t\t\t\tE-Mail\t\t\t\t\t\t\t<\/label>\n\t\t\t\t\t\t\t\t\t\t\t\t\t\t<input size=\"1\" type=\"email\" name=\"form_fields[email]\" id=\"form-field-email\" class=\"elementor-field elementor-size-md  elementor-field-textual\" placeholder=\"Z.B. jan@example.com\" required=\"required\">\n\t\t\t\t\t\t\t\t\t\t\t<\/div>\n\t\t\t\t\t\t\t\t<div class=\"elementor-field-group elementor-column elementor-field-type-submit elementor-col-100 e-form__buttons\">\n\t\t\t\t\t<button class=\"elementor-button elementor-size-md\" type=\"submit\">\n\t\t\t\t\t\t<span class=\"elementor-button-content-wrapper\">\n\t\t\t\t\t\t\t\t\t\t\t\t\t\t\t<span class=\"elementor-button-icon\">\n\t\t\t\t\t\t\t\t\t<svg aria-hidden=\"true\" class=\"e-font-icon-svg e-fas-arrow-alt-circle-right\" viewBox=\"0 0 512 512\" xmlns=\"http:\/\/www.w3.org\/2000\/svg\"><path d=\"M256 8c137 0 248 111 248 248S393 504 256 504 8 393 8 256 119 8 256 8zM140 300h116v70.9c0 10.7 13 16.1 20.5 8.5l114.3-114.9c4.7-4.7 4.7-12.2 0-16.9l-114.3-115c-7.6-7.6-20.5-2.2-20.5 8.5V212H140c-6.6 0-12 5.4-12 12v64c0 6.6 5.4 12 12 12z\"><\/path><\/svg>\t\t\t\t\t\t\t\t\t\t\t\t\t\t\t\t\t<\/span>\n\t\t\t\t\t\t\t\t\t\t\t\t\t\t\t\t\t\t\t\t\t\t<span class=\"elementor-button-text\">Anmelden<\/span>\n\t\t\t\t\t\t\t\t\t\t\t\t\t<\/span>\n\t\t\t\t\t<\/button>\n\t\t\t\t<\/div>\n\t\t\t<\/div>\n\t\t<\/form>\n\t\t\t\t\t\t<\/div>\n\t\t\t\t<\/div>\n\t\t\t\t<\/div>\n\t\t\t\t\t<\/div>\n\t\t\t\t<\/div>\n\t\t\t\t<\/div>\n\t\t","protected":false},"excerpt":{"rendered":"<p>Neuigkeiten Reservieren Men\u00fc Hier lesen Sie unsere Neuigkeiten \u00fcber besondere Momente, wie einen ausgiebigen Brunch w\u00e4hrend Ostern mit der ganzen Familie. Oder vielleicht ein High Beer am Vatertag mit speziellen Biersorten und leckeren Snacks. Bei uns dreht sich alles ums Zusammensein. Melden Sie sich f\u00fcr unseren Newsletter an M\u00f6chten Sie keine unserer besonderen Tage, Thementage [&hellip;]<\/p>\n","protected":false},"author":1,"featured_media":0,"parent":0,"menu_order":0,"comment_status":"closed","ping_status":"closed","template":"","meta":{"footnotes":""},"class_list":["post-1060","page","type-page","status-publish","hentry"],"yoast_head":"<!-- This site is optimized with the Yoast SEO plugin v27.5 - https:\/\/yoast.com\/product\/yoast-seo-wordpress\/ -->\n<title>Neuigkeiten - Brasserie de Uitvlucht<\/title>\n<meta name=\"robots\" content=\"index, follow, max-snippet:-1, max-image-preview:large, max-video-preview:-1\" \/>\n<link rel=\"canonical\" href=\"http:\/\/deuitvlucht.nl\/de\/neuigkeiten\/\" \/>\n<meta property=\"og:locale\" content=\"de_DE\" \/>\n<meta property=\"og:type\" content=\"article\" \/>\n<meta property=\"og:title\" content=\"Neuigkeiten - Brasserie de Uitvlucht\" \/>\n<meta property=\"og:description\" content=\"Neuigkeiten Reservieren Men\u00fc Hier lesen Sie unsere Neuigkeiten \u00fcber besondere Momente, wie einen ausgiebigen Brunch w\u00e4hrend Ostern mit der ganzen Familie. Oder vielleicht ein High Beer am Vatertag mit speziellen Biersorten und leckeren Snacks. Bei uns dreht sich alles ums Zusammensein. Melden Sie sich f\u00fcr unseren Newsletter an M\u00f6chten Sie keine unserer besonderen Tage, Thementage [&hellip;]\" \/>\n<meta property=\"og:url\" content=\"http:\/\/deuitvlucht.nl\/de\/neuigkeiten\/\" \/>\n<meta property=\"og:site_name\" content=\"Brasserie de Uitvlucht\" \/>\n<meta property=\"article:modified_time\" content=\"2025-08-15T10:15:22+00:00\" \/>\n<meta name=\"twitter:card\" content=\"summary_large_image\" \/>\n<script type=\"application\/ld+json\" class=\"yoast-schema-graph\">{\"@context\":\"https:\\\/\\\/schema.org\",\"@graph\":[{\"@type\":\"WebPage\",\"@id\":\"http:\\\/\\\/deuitvlucht.nl\\\/de\\\/neuigkeiten\\\/\",\"url\":\"http:\\\/\\\/deuitvlucht.nl\\\/de\\\/neuigkeiten\\\/\",\"name\":\"Neuigkeiten - Brasserie de Uitvlucht\",\"isPartOf\":{\"@id\":\"https:\\\/\\\/deuitvlucht.nl\\\/de\\\/#website\"},\"datePublished\":\"2025-06-23T12:30:45+00:00\",\"dateModified\":\"2025-08-15T10:15:22+00:00\",\"breadcrumb\":{\"@id\":\"http:\\\/\\\/deuitvlucht.nl\\\/de\\\/neuigkeiten\\\/#breadcrumb\"},\"inLanguage\":\"de\",\"potentialAction\":[{\"@type\":\"ReadAction\",\"target\":[\"http:\\\/\\\/deuitvlucht.nl\\\/de\\\/neuigkeiten\\\/\"]}]},{\"@type\":\"BreadcrumbList\",\"@id\":\"http:\\\/\\\/deuitvlucht.nl\\\/de\\\/neuigkeiten\\\/#breadcrumb\",\"itemListElement\":[{\"@type\":\"ListItem\",\"position\":1,\"name\":\"Home\",\"item\":\"http:\\\/\\\/deuitvlucht.nl\\\/de\\\/\"},{\"@type\":\"ListItem\",\"position\":2,\"name\":\"Neuigkeiten\"}]},{\"@type\":\"WebSite\",\"@id\":\"https:\\\/\\\/deuitvlucht.nl\\\/de\\\/#website\",\"url\":\"https:\\\/\\\/deuitvlucht.nl\\\/de\\\/\",\"name\":\"Brasserie de Uitvlucht\",\"description\":\"Terras | Lunch | Wining | Dining\",\"publisher\":{\"@id\":\"https:\\\/\\\/deuitvlucht.nl\\\/de\\\/#organization\"},\"potentialAction\":[{\"@type\":\"SearchAction\",\"target\":{\"@type\":\"EntryPoint\",\"urlTemplate\":\"https:\\\/\\\/deuitvlucht.nl\\\/de\\\/?s={search_term_string}\"},\"query-input\":{\"@type\":\"PropertyValueSpecification\",\"valueRequired\":true,\"valueName\":\"search_term_string\"}}],\"inLanguage\":\"de\"},{\"@type\":\"Organization\",\"@id\":\"https:\\\/\\\/deuitvlucht.nl\\\/de\\\/#organization\",\"name\":\"Brasserie de Uitvlucht\",\"url\":\"https:\\\/\\\/deuitvlucht.nl\\\/de\\\/\",\"logo\":{\"@type\":\"ImageObject\",\"inLanguage\":\"de\",\"@id\":\"https:\\\/\\\/deuitvlucht.nl\\\/de\\\/#\\\/schema\\\/logo\\\/image\\\/\",\"url\":\"http:\\\/\\\/deuitvlucht.nl\\\/wp-content\\\/uploads\\\/2025\\\/05\\\/Logo-Brasserie-de-uitvlucht-scaled.png\",\"contentUrl\":\"http:\\\/\\\/deuitvlucht.nl\\\/wp-content\\\/uploads\\\/2025\\\/05\\\/Logo-Brasserie-de-uitvlucht-scaled.png\",\"width\":2560,\"height\":931,\"caption\":\"Brasserie de Uitvlucht\"},\"image\":{\"@id\":\"https:\\\/\\\/deuitvlucht.nl\\\/de\\\/#\\\/schema\\\/logo\\\/image\\\/\"}}]}<\/script>\n<!-- \/ Yoast SEO plugin. -->","yoast_head_json":{"title":"Neuigkeiten - Brasserie de Uitvlucht","robots":{"index":"index","follow":"follow","max-snippet":"max-snippet:-1","max-image-preview":"max-image-preview:large","max-video-preview":"max-video-preview:-1"},"canonical":"http:\/\/deuitvlucht.nl\/de\/neuigkeiten\/","og_locale":"de_DE","og_type":"article","og_title":"Neuigkeiten - Brasserie de Uitvlucht","og_description":"Neuigkeiten Reservieren Men\u00fc Hier lesen Sie unsere Neuigkeiten \u00fcber besondere Momente, wie einen ausgiebigen Brunch w\u00e4hrend Ostern mit der ganzen Familie. Oder vielleicht ein High Beer am Vatertag mit speziellen Biersorten und leckeren Snacks. Bei uns dreht sich alles ums Zusammensein. Melden Sie sich f\u00fcr unseren Newsletter an M\u00f6chten Sie keine unserer besonderen Tage, Thementage [&hellip;]","og_url":"http:\/\/deuitvlucht.nl\/de\/neuigkeiten\/","og_site_name":"Brasserie de Uitvlucht","article_modified_time":"2025-08-15T10:15:22+00:00","twitter_card":"summary_large_image","schema":{"@context":"https:\/\/schema.org","@graph":[{"@type":"WebPage","@id":"http:\/\/deuitvlucht.nl\/de\/neuigkeiten\/","url":"http:\/\/deuitvlucht.nl\/de\/neuigkeiten\/","name":"Neuigkeiten - Brasserie de Uitvlucht","isPartOf":{"@id":"https:\/\/deuitvlucht.nl\/de\/#website"},"datePublished":"2025-06-23T12:30:45+00:00","dateModified":"2025-08-15T10:15:22+00:00","breadcrumb":{"@id":"http:\/\/deuitvlucht.nl\/de\/neuigkeiten\/#breadcrumb"},"inLanguage":"de","potentialAction":[{"@type":"ReadAction","target":["http:\/\/deuitvlucht.nl\/de\/neuigkeiten\/"]}]},{"@type":"BreadcrumbList","@id":"http:\/\/deuitvlucht.nl\/de\/neuigkeiten\/#breadcrumb","itemListElement":[{"@type":"ListItem","position":1,"name":"Home","item":"http:\/\/deuitvlucht.nl\/de\/"},{"@type":"ListItem","position":2,"name":"Neuigkeiten"}]},{"@type":"WebSite","@id":"https:\/\/deuitvlucht.nl\/de\/#website","url":"https:\/\/deuitvlucht.nl\/de\/","name":"Brasserie de Uitvlucht","description":"Terras | Lunch | Wining | Dining","publisher":{"@id":"https:\/\/deuitvlucht.nl\/de\/#organization"},"potentialAction":[{"@type":"SearchAction","target":{"@type":"EntryPoint","urlTemplate":"https:\/\/deuitvlucht.nl\/de\/?s={search_term_string}"},"query-input":{"@type":"PropertyValueSpecification","valueRequired":true,"valueName":"search_term_string"}}],"inLanguage":"de"},{"@type":"Organization","@id":"https:\/\/deuitvlucht.nl\/de\/#organization","name":"Brasserie de Uitvlucht","url":"https:\/\/deuitvlucht.nl\/de\/","logo":{"@type":"ImageObject","inLanguage":"de","@id":"https:\/\/deuitvlucht.nl\/de\/#\/schema\/logo\/image\/","url":"http:\/\/deuitvlucht.nl\/wp-content\/uploads\/2025\/05\/Logo-Brasserie-de-uitvlucht-scaled.png","contentUrl":"http:\/\/deuitvlucht.nl\/wp-content\/uploads\/2025\/05\/Logo-Brasserie-de-uitvlucht-scaled.png","width":2560,"height":931,"caption":"Brasserie de Uitvlucht"},"image":{"@id":"https:\/\/deuitvlucht.nl\/de\/#\/schema\/logo\/image\/"}}]}},"_links":{"self":[{"href":"http:\/\/deuitvlucht.nl\/de\/wp-json\/wp\/v2\/pages\/1060","targetHints":{"allow":["GET"]}}],"collection":[{"href":"http:\/\/deuitvlucht.nl\/de\/wp-json\/wp\/v2\/pages"}],"about":[{"href":"http:\/\/deuitvlucht.nl\/de\/wp-json\/wp\/v2\/types\/page"}],"author":[{"embeddable":true,"href":"http:\/\/deuitvlucht.nl\/de\/wp-json\/wp\/v2\/users\/1"}],"replies":[{"embeddable":true,"href":"http:\/\/deuitvlucht.nl\/de\/wp-json\/wp\/v2\/comments?post=1060"}],"version-history":[{"count":1,"href":"http:\/\/deuitvlucht.nl\/de\/wp-json\/wp\/v2\/pages\/1060\/revisions"}],"predecessor-version":[{"id":1061,"href":"http:\/\/deuitvlucht.nl\/de\/wp-json\/wp\/v2\/pages\/1060\/revisions\/1061"}],"wp:attachment":[{"href":"http:\/\/deuitvlucht.nl\/de\/wp-json\/wp\/v2\/media?parent=1060"}],"curies":[{"name":"wp","href":"https:\/\/api.w.org\/{rel}","templated":true}]}}